{"id":561,"date":"2019-09-17T14:37:06","date_gmt":"2019-09-17T14:37:06","guid":{"rendered":"https:\/\/beachtravels.se\/?page_id=561"},"modified":"2019-10-07T13:03:39","modified_gmt":"2019-10-07T13:03:39","slug":"gdpr","status":"publish","type":"page","link":"https:\/\/beachtravels.se\/en\/gdpr\/","title":{"rendered":"GDPR"},"content":{"rendered":"<div data-elementor-type=\"wp-page\" data-elementor-id=\"561\" class=\"elementor elementor-561\" data-elementor-post-type=\"page\">\n\t\t\t\t\t\t<section class=\"elementor-section elementor-top-section elementor-element elementor-element-5b3ed88 elementor-section-boxed elementor-section-height-default elementor-section-height-default\" data-id=\"5b3ed88\" data-element_type=\"section\" data-e-type=\"section\">\n\t\t\t\t\t\t<div class=\"elementor-container elementor-column-gap-default\">\n\t\t\t\t\t<div class=\"elementor-column elementor-col-100 elementor-top-column elementor-element elementor-element-f0b5b1e\" data-id=\"f0b5b1e\" data-element_type=\"column\" data-e-type=\"column\">\n\t\t\t<div class=\"elementor-widget-wrap elementor-element-populated\">\n\t\t\t\t\t\t<div class=\"elementor-element elementor-element-09da8d4 elementor-widget elementor-widget-heading\" data-id=\"09da8d4\" data-element_type=\"widget\" data-e-type=\"widget\" data-widget_type=\"heading.default\">\n\t\t\t\t<div class=\"elementor-widget-container\">\n\t\t\t\t\t<h2 class=\"elementor-heading-title elementor-size-default\">PRIVACY POLICY<\/h2>\t\t\t\t<\/div>\n\t\t\t\t<\/div>\n\t\t\t\t\t<\/div>\n\t\t<\/div>\n\t\t\t\t\t<\/div>\n\t\t<\/section>\n\t\t\t\t<section class=\"elementor-section elementor-top-section elementor-element elementor-element-88cf714 elementor-section-boxed elementor-section-height-default elementor-section-height-default\" data-id=\"88cf714\" data-element_type=\"section\" data-e-type=\"section\">\n\t\t\t\t\t\t<div class=\"elementor-container elementor-column-gap-default\">\n\t\t\t\t\t<div class=\"elementor-column elementor-col-100 elementor-top-column elementor-element elementor-element-af6a0a6\" data-id=\"af6a0a6\" data-element_type=\"column\" data-e-type=\"column\">\n\t\t\t<div class=\"elementor-widget-wrap elementor-element-populated\">\n\t\t\t\t\t\t<div class=\"elementor-element elementor-element-092d845 elementor-widget elementor-widget-text-editor\" data-id=\"092d845\" data-element_type=\"widget\" data-e-type=\"widget\" data-widget_type=\"text-editor.default\">\n\t\t\t\t<div class=\"elementor-widget-container\">\n\t\t\t\t\t\t\t\t\t<p><span style=\"font-size: 14px;\">The integrity of our customers is of the uttermost importance to us and the purpose of this policy is to in a clear and transparent way describe\u00a0<\/span><span style=\"font-size: 14px;\">how we collect, process, transfer and store private information. BeachTravels Sweden AB aims to handle\u00a0<\/span><span style=\"font-size: 14px;\">private information in accordance with the EU integrity legislation GDPR. If you have any questions then you are always welcome to contact\u00a0<\/span><span style=\"font-size: 14px;\">us!<\/span><\/p><p><b>Data Controller Responsibility<\/b><br \/><span style=\"font-size: 14px;\">BeachTravels Sweden AB is the data controller and is responsible for the processing and handling of personal data in relation to this website when you register\u00a0<\/span><span style=\"font-size: 14px;\">to our news letter, book a course, activity or a trip that we organise. Contact details regarding GDPR &amp;\u00a0<\/span><span style=\"font-size: 14px;\">personal information: <a href=\"mailto:gdpr@beachvolley.se\">gdpr@beachvolley.se<\/a><\/span><\/p><p><b>Collection of personal information<br \/><\/b><span style=\"font-size: 14px;\">We collect personal information from you in order to be able to respond to your interest in our services \/ your orders. We collect the\u00a0<\/span><span style=\"font-size: 14px;\">data that is relevant for this purpose. The information we could collect from you is name, address, contact details (phone number, email), personal number, sex, potential allergies, your playing level, your desires regarding scheduling etc. Even photos\u00a0<\/span><span style=\"font-size: 14px;\">anses vara personuppgifter s\u00e5: Vi fotograferar &amp; filmar \u00e4ven p\u00e5 plats f\u00f6r att visa omv\u00e4rlden vad som h\u00e4nder hos oss via\u00a0<\/span><span style=\"font-size: 14px;\">social media and through marketing channels.<\/span><\/p><p><b>Legal basis for processing of your personal information<br \/><\/b><span style=\"font-size: 14px;\">Vi behandlar dina uppgifter f\u00f6r att kunna fullg\u00f6ra ett avtal d.v.s. genomf\u00f6ra den bokning\/kurs\/resa\/det arrangemang du\u00a0<\/span><span style=\"font-size: 14px;\">anm\u00e4lt dig till samt f\u00f6r att kunna ta betalt (fakturering) eller f\u00f6r att kunna ge dig information du efterfr\u00e5gar\u00a0<\/span><span style=\"font-size: 14px;\">(nyhetsbrev\/reservlista\/intresseanm\u00e4lan till n\u00e4r n\u00e4sta kurs\/aktivitet\/resa startar). Vi anv\u00e4nder dina uppgifter f\u00f6r att placera dig\u00a0<\/span><span style=\"font-size: 14px;\">i r\u00e4tt niv\u00e5 n\u00e4r det handlar om tr\u00e4ning. Vi anv\u00e4nder uppgifterna f\u00f6r att skicka nyhetsbrev (som du sj\u00e4lv kan avbest\u00e4lla), boka\u00a0<\/span><span style=\"font-size: 14px;\">transport \u00e5t dig (flyg, buss) och vi anv\u00e4nder uppgifterna f\u00f6r att informera dig om v\u00e5ra eller verksamheter inom koncernen\u00a0<\/span><span style=\"font-size: 14px;\">som du kan t\u00e4nkas vara intresserad av. Vi anv\u00e4nder i f\u00f6rekommande fall dina uppgifter f\u00f6r fakturering via\u00a0<\/span><span style=\"font-size: 14px;\">faktureringspartner eller annan betalningsl\u00f6sning och vi anv\u00e4nder ocks\u00e5 uppgifterna f\u00f6r bokf\u00f6ring. Vi kan komma att\u00a0<\/span><span style=\"font-size: 14px;\">anv\u00e4nda dina uppgifter f\u00f6r att boka transport \u00e5t dig och d\u00e5 kan dina uppgifter komma i tredje parts \u00e4go.\u00a0<\/span><\/p><p><span style=\"font-size: 14px;\"><b>Uppgifter som samlas in och \u00f6verf\u00f6rs i samband med anm\u00e4lan till niv\u00e5anpassad tr\u00e4ning eller t\u00e4vling<br \/><\/b><\/span><span style=\"font-size: 14px;\">N\u00e4r du registrerar dig som deltagare till tr\u00e4ning hos oss anv\u00e4nds dina uppgifter f\u00f6r att placera dig i r\u00e4tt grupp d\u00e4r vi tar\u00a0<\/span><span style=\"font-size: 14px;\">h\u00e4nsyn till din tidigare erfarenhet, niv\u00e5, vilka dagar\/tider du kan tr\u00e4na och \u00f6vriga \u00f6nskem\u00e5l. Uppgifterna behandlas vidare (vi\u00a0<\/span><span style=\"font-size: 14px;\">tar in tr\u00e4narnas synpunkter) f\u00f6r att skapa bra niv\u00e5anpassade grupper. Vi anv\u00e4nder oss av e-post och ditt telefonnummer f\u00f6r att\u00a0<\/span><span style=\"font-size: 14px;\">kunna kommunicera i \u00e4rendet.<\/span><\/p><p><b>Hur l\u00e4nge sparas uppgifterna<br \/><\/b><span style=\"font-size: 14px;\">Vi anv\u00e4nder oss av olika verktyg f\u00f6r registrering av uppgifter. Vid anm\u00e4lan till tr\u00e4ning\/kurser f\u00e5r du en kopia p\u00e5 de uppgifter\u00a0<\/span><span style=\"font-size: 14px;\">du l\u00e4mnar till oss till den e-post du anger vid registrering. Personuppgifterna raderas n\u00e4r du ber om det. Vi raderar\u00a0<\/span><span style=\"font-size: 14px;\">personuppgifter som inte fyller n\u00e5gon nytta eller om du \u00e4r inaktiv som kund hos oss l\u00e4ngre tid \u00e4n tv\u00e5 \u00e5r. Nyhetsbrevet har en<\/span><span style=\"font-size: 14px;\">enkel avanm\u00e4lan i varje utskick s\u00e5 d\u00e4r styr du helt sj\u00e4lv genom att avregistrera (unsubscribe) och du kan n\u00e4rsomhelst\u00a0<\/span><span style=\"font-size: 14px;\">registrera dig p\u00e5 nytt om du \u00f6nskar f\u00e5 nyhetsbreven igen.<\/span><\/p><p><b>Samtycke<\/b><br \/><span style=\"font-size: 14px;\">Exempel: N\u00e4r du anm\u00e4ler dig f\u00f6r att f\u00e5 ett av v\u00e5ra nyhetsbrev, eller deltar i n\u00e5gon av v\u00e5ra t\u00e4vlingar, s\u00e5 fr\u00e5gar vi om du\u00a0<\/span><span style=\"font-size: 14px;\">samtycker till att vi d\u00e4rmed behandlar dina personuppgifter. I de fall d\u00e5 en behandling bara \u00e4r motiverad utifr\u00e5n ett samtycke,\u00a0<\/span><span style=\"font-size: 14px;\">kan du n\u00e4r som helst \u00e5terkalla ditt samtycke och beg\u00e4ra att vi upph\u00f6r med den aktuella behandlingen.\u00a0<\/span><span style=\"font-size: 14px;\">N\u00e4r det g\u00e4ller foto, video- och ljudinspelningar s\u00e5 har vi ett ber\u00e4ttigat intresse av att dokumentera v\u00e5r verksamhet. Detta\u00a0<\/span><span style=\"font-size: 14px;\">inneb\u00e4r till exempel att generella foton (&#8221;\u00f6versiktsbilder, \u201dspelbilder\u201d eller \u201dmingelbilder\u201d) kan komma att anv\u00e4ndas utan att\u00a0<\/span><span style=\"font-size: 14px;\">varje enskild person p\u00e5 bilden tillfr\u00e5gas. Om vi fotar dig s\u00e5 ska vi vid fototillf\u00e4llet fr\u00e5ga om ditt samtycke innan vi f\u00e5r\u00a0<\/span><span style=\"font-size: 14px;\">anv\u00e4nda foto d\u00e4r du som person st\u00e5r i fokus. Detsamma g\u00e4ller f\u00f6r video- och ljudinspelningar.<\/span><\/p><p><b>Dina r\u00e4ttigheter<br \/><\/b><span style=\"font-size: 14px;\">F\u00f6r att kunna nyttja v\u00e5ra tj\u00e4nster s\u00e5 beh\u00f6ver vi korrekt information fr\u00e5n dig. Om du inte ger ditt samtyckte till att vi f\u00e5r den\u00a0<\/span><span style=\"font-size: 14px;\">information vi anser oss beh\u00f6va f\u00f6r att kunna boka en resa till dig eller delta i v\u00e5ra kurser, tr\u00e4ningar eller andra event s\u00e5 kan\u00a0<\/span><span style=\"font-size: 14px;\">du inte delta. Vidare delar vi med oss av vad som h\u00e4nder hos oss via sociala medier via foto &amp; film d\u00e5 det \u00e4r en viktig del f\u00f6r\u00a0<\/span><span style=\"font-size: 14px;\">att f\u00e5 fler att hitta till v\u00e5r sport. Vi informerar muntligt p\u00e5 plats n\u00e4r vi fotar och filmar. Om du missar den informationen (eller\u00a0<\/span><span style=\"font-size: 14px;\">vi varit f\u00f6r otydliga eller om du \u00e4ndrar dig) och kommer med ofrivilligt p\u00e5 en publicering tar vi f\u00f6rst\u00e5s bort material d\u00e4r du\u00a0<\/span><span style=\"font-size: 14px;\">f\u00f6rekommer p\u00e5 din uppmaning. Du har r\u00e4tt att avst\u00e5 fr\u00e5n att resa med oss eller delta i v\u00e5ra kurser, tr\u00e4ningar eller andra event\u00a0<\/span><span style=\"font-size: 14px;\">och du har r\u00e4tt att l\u00e5ta bli att vara hos oss. Du har alltid r\u00e4tt att f\u00e5 information om vilka uppgifter du har l\u00e4mnat till oss och\u00a0<\/span><span style=\"font-size: 14px;\">vid skriftlig f\u00f6rfr\u00e5gan delger vi dig den informationen och vi tar omedelbart bort information om dig vid \u00f6nskem\u00e5l f\u00f6rutsatt\u00a0<\/span><span style=\"font-size: 14px;\">att du inte har kvar en ekonomisk skuld till oss. Is\u00e5fall raderar vi informationen s\u00e5 fort skulden \u00e4r reglerad. Notera att vi av\u00a0<\/span><span style=\"font-size: 14px;\">bokf\u00f6ringstekniska sk\u00e4l \u00e4r skyldiga att beh\u00e5lla eventuella personuppgifter som f\u00f6rekommer i exempelvis en faktura enligt\u00a0<\/span><span style=\"font-size: 14px;\">bokf\u00f6ringslagen. Du har ocks\u00e5 r\u00e4tt att beg\u00e4ra att dina uppgifter kompletteras eller r\u00e4ttas. Vid anm\u00e4lan till en resa eller\u00a0<\/span><span style=\"font-size: 14px;\">aktivitet\/kurs eller aktivitet st\u00e5r det normalt sett hur du ska g\u00f6ra f\u00f6r att komplettera\/\u00e4ndra tidigare ifyllda uppgifter. Om det\u00a0<\/span><span style=\"font-size: 14px;\">inte st\u00e5r kan du alltid v\u00e4nda dig till <a href=\"mailto:gdpr@beachvolley.se\">gdpr@beachvolley.se<\/a><\/span><\/p><p><i>Denna integritetspolicy kan komma att justeras och uppdateras.<\/i><\/p>\t\t\t\t\t\t\t\t<\/div>\n\t\t\t\t<\/div>\n\t\t\t\t\t<\/div>\n\t\t<\/div>\n\t\t\t\t\t<\/div>\n\t\t<\/section>\n\t\t\t\t<\/div>","protected":false},"excerpt":{"rendered":"<p>INTEGRITETSPOLICY V\u00e5ra kunders integritet \u00e4r av yttersta vikt f\u00f6r oss och syftet med denna policy \u00e4r att p\u00e5 ett tydligt och transparent s\u00e4tt beskriva\u00a0hur vi samlar in, anv\u00e4nder, \u00f6verf\u00f6r och lagrar personuppgifter. BeachTravels Sweden AB str\u00e4var efter att hantera\u00a0personuppgifter i enlighet med EUs integritetslagstiftning GDPR. Har du n\u00e5gra fr\u00e5gor \u00e4r du alltid v\u00e4lkommen att kontakta\u00a0oss! [&hellip;]<\/p>","protected":false},"author":29858441,"featured_media":0,"parent":0,"menu_order":0,"comment_status":"closed","ping_status":"closed","template":"elementor_header_footer","meta":{"advanced_seo_description":"","jetpack_seo_html_title":"","jetpack_seo_noindex":false,"ocean_post_layout":"full-screen","ocean_both_sidebars_style":"","ocean_both_sidebars_content_width":0,"ocean_both_sidebars_sidebars_width":0,"ocean_sidebar":"0","ocean_second_sidebar":"0","ocean_disable_margins":"on","ocean_add_body_class":"","ocean_shortcode_before_top_bar":"","ocean_shortcode_after_top_bar":"","ocean_shortcode_before_header":"","ocean_shortcode_after_header":"","ocean_has_shortcode":"","ocean_shortcode_after_title":"","ocean_shortcode_before_footer_widgets":"","ocean_shortcode_after_footer_widgets":"","ocean_shortcode_before_footer_bottom":"","ocean_shortcode_after_footer_bottom":"","ocean_display_top_bar":"off","ocean_display_header":"on","ocean_header_style":"transparent","ocean_center_header_left_menu":"0","ocean_custom_header_template":"0","ocean_custom_logo":0,"ocean_custom_retina_logo":0,"ocean_custom_logo_max_width":0,"ocean_custom_logo_tablet_max_width":0,"ocean_custom_logo_mobile_max_width":0,"ocean_custom_logo_max_height":0,"ocean_custom_logo_tablet_max_height":0,"ocean_custom_logo_mobile_max_height":0,"ocean_header_custom_menu":"1364","ocean_menu_typo_font_family":"0","ocean_menu_typo_font_subset":"","ocean_menu_typo_font_size":0,"ocean_menu_typo_font_size_tablet":0,"ocean_menu_typo_font_size_mobile":0,"ocean_menu_typo_font_size_unit":"px","ocean_menu_typo_font_weight":"","ocean_menu_typo_font_weight_tablet":"","ocean_menu_typo_font_weight_mobile":"","ocean_menu_typo_transform":"","ocean_menu_typo_transform_tablet":"","ocean_menu_typo_transform_mobile":"","ocean_menu_typo_line_height":0,"ocean_menu_typo_line_height_tablet":0,"ocean_menu_typo_line_height_mobile":0,"ocean_menu_typo_line_height_unit":"","ocean_menu_typo_spacing":0,"ocean_menu_typo_spacing_tablet":0,"ocean_menu_typo_spacing_mobile":0,"ocean_menu_typo_spacing_unit":"","ocean_menu_link_color":"","ocean_menu_link_color_hover":"","ocean_menu_link_color_active":"","ocean_menu_link_background":"","ocean_menu_link_hover_background":"","ocean_menu_link_active_background":"","ocean_menu_social_links_bg":"","ocean_menu_social_hover_links_bg":"","ocean_menu_social_links_color":"","ocean_menu_social_hover_links_color":"","ocean_disable_title":"on","ocean_disable_heading":"default","ocean_post_title":"","ocean_post_subheading":"","ocean_post_title_style":"","ocean_post_title_background_color":"","ocean_post_title_background":0,"ocean_post_title_bg_image_position":"","ocean_post_title_bg_image_attachment":"","ocean_post_title_bg_image_repeat":"","ocean_post_title_bg_image_size":"","ocean_post_title_height":0,"ocean_post_title_bg_overlay":0.5,"ocean_post_title_bg_overlay_color":"","ocean_disable_breadcrumbs":"default","ocean_breadcrumbs_color":"","ocean_breadcrumbs_separator_color":"","ocean_breadcrumbs_links_color":"","ocean_breadcrumbs_links_hover_color":"","ocean_display_footer_widgets":"off","ocean_display_footer_bottom":"off","ocean_custom_footer_template":"0","jetpack_post_was_ever_published":false,"footnotes":""},"class_list":["post-561","page","type-page","status-publish","hentry","entry"],"jetpack_likes_enabled":true,"jetpack_sharing_enabled":true,"jetpack_shortlink":"https:\/\/wp.me\/Pbh5LH-93","_links":{"self":[{"href":"https:\/\/beachtravels.se\/en\/wp-json\/wp\/v2\/pages\/561","targetHints":{"allow":["GET"]}}],"collection":[{"href":"https:\/\/beachtravels.se\/en\/wp-json\/wp\/v2\/pages"}],"about":[{"href":"https:\/\/beachtravels.se\/en\/wp-json\/wp\/v2\/types\/page"}],"author":[{"embeddable":true,"href":"https:\/\/beachtravels.se\/en\/wp-json\/wp\/v2\/users\/29858441"}],"replies":[{"embeddable":true,"href":"https:\/\/beachtravels.se\/en\/wp-json\/wp\/v2\/comments?post=561"}],"version-history":[{"count":14,"href":"https:\/\/beachtravels.se\/en\/wp-json\/wp\/v2\/pages\/561\/revisions"}],"predecessor-version":[{"id":1591,"href":"https:\/\/beachtravels.se\/en\/wp-json\/wp\/v2\/pages\/561\/revisions\/1591"}],"wp:attachment":[{"href":"https:\/\/beachtravels.se\/en\/wp-json\/wp\/v2\/media?parent=561"}],"curies":[{"name":"wp","href":"https:\/\/api.w.org\/{rel}","templated":true}]}}